{"id":28,"date":"2023-06-25T07:24:39","date_gmt":"2023-06-25T07:24:39","guid":{"rendered":"https:\/\/agneabraitiene.lt\/?page_id=28"},"modified":"2026-01-07T15:15:33","modified_gmt":"2026-01-07T15:15:33","slug":"pradzia","status":"publish","type":"page","link":"https:\/\/agneabraitiene.lt\/","title":{"rendered":"Prad\u017eia"},"content":{"rendered":"<div class=\"wp-block-image is-style-default\">\n<figure class=\"aligncenter size-large is-resized\"><img decoding=\"async\" loading=\"lazy\" src=\"https:\/\/agneabraitiene.lt\/wp-content\/uploads\/2026\/01\/Agne-Abraitiene_2026-12-807x1024.jpg\" alt=\"\" class=\"wp-image-315\" width=\"511\" height=\"648\" title=\"Agn\u0117 Abraitien\u0117\" srcset=\"https:\/\/agneabraitiene.lt\/wp-content\/uploads\/2026\/01\/Agne-Abraitiene_2026-12-807x1024.jpg 807w, https:\/\/agneabraitiene.lt\/wp-content\/uploads\/2026\/01\/Agne-Abraitiene_2026-12-237x300.jpg 237w, https:\/\/agneabraitiene.lt\/wp-content\/uploads\/2026\/01\/Agne-Abraitiene_2026-12-768x974.jpg 768w, https:\/\/agneabraitiene.lt\/wp-content\/uploads\/2026\/01\/Agne-Abraitiene_2026-12-1211x1536.jpg 1211w, https:\/\/agneabraitiene.lt\/wp-content\/uploads\/2026\/01\/Agne-Abraitiene_2026-12-1615x2048.jpg 1615w, https:\/\/agneabraitiene.lt\/wp-content\/uploads\/2026\/01\/Agne-Abraitiene_2026-12-1568x1989.jpg 1568w, https:\/\/agneabraitiene.lt\/wp-content\/uploads\/2026\/01\/Agne-Abraitiene_2026-12-scaled.jpg 2019w\" sizes=\"(max-width: 511px) 100vw, 511px\" \/><\/figure><\/div>\n\n\n<p>Sveiki,<\/p>\n\n\n\n<p>dirbu endokrinologe beveik dvide\u0161imt met\u0173. Per \u0161\u012f laik\u0105 Universitetin\u0117je ligonin\u0117je ir priva\u010dioje praktikoje teko konsultuoti daugel\u012f pacient\u0173 su \u012fvairiausiomis &#8211; tiek da\u017enai pasitaikan\u010diomis, tiek retomis &#8211; endokrinin\u0117mis ligomis. \u012egytomis \u017einiomis bei sukaupta patirtimi jau daug met\u0173 dalinuosi su medicinos studentais, endokrinologijos rezidentais bei kolegomis gydytojais. Esu d\u0117kinga likimui, kad tur\u0117jau galimyb\u0119 sukaupti didel\u0119 darbo patirt\u012f ir kad galiu savo \u017einiomis bei patarimais pad\u0117ti daugeliui \u012f mane besikreipian\u010di\u0173 \u017emoni\u0173.&nbsp;<\/p>\n\n\n\n<p>Vis d\u0117lto, bendraudama su pacientais, supratau, kad kelias pas patyrus\u012f specialist\u0105 i\u0161ties yra pilnas i\u0161\u0161\u016bki\u0173 ir kli\u016b\u010di\u0173. Eil\u0117s specialisto konsultacijoms yra didel\u0117s, o ma\u017eesniuose miestuose vis dar tr\u016bksta gydytoj\u0173. Pasitaiko, kad net ir po vizito pas gydytoj\u0105 d\u0117l \u012fvairiausi\u0173 prie\u017eas\u010di\u0173 lieka daug neatsakyt\u0173 klausim\u0173, b\u016bna, kad gydytojo sprendimai ir j\u0173 pagrindimas kelia abejoni\u0173 ir pacientai ie\u0161ko paai\u0161kinim\u0173 ar &#8222;antros nuomon\u0117s&#8221;. Kartais \u017emon\u0117s atlieka profilaktinius tyrimus, ta\u010diau neprisiruo\u0161ia nuvykti gydytojo konsultacijai toki\u0173 tyrim\u0173 \u012fvertinimui ir komentarams. Daugel\u012f i\u0161 \u0161i\u0173 problem\u0173 i\u0161spr\u0119sti gal\u0117t\u0173 pad\u0117ti nuotolinis pokalbis su specialistu. Jeigu nor\u0117tum\u0117te, kad pad\u0117\u010diau i\u0161spr\u0119sti Jums kilusias problemas ar atsakyti \u012f i\u0161kilusius klausimus nuotoliniu b\u016bdu &#8211; para\u0161ykit man!&nbsp;<a href=\"https:\/\/agneabraitiene.lt\/?page_id=21\">Konsultacij\u0173<\/a> skyriuje rasite informacij\u0105 apie tai, kaip su manimi susisiekti, ko tik\u0117tis i\u0161 m\u016bs\u0173 pokalbio, bei kaip pasiruo\u0161ti pokalbiui, kad jis suteikt\u0173 Jums daugiausiai naudos.<\/p>\n\n\n\n<p>O gal atsakymus \u012f savo klausimus rasite u\u017e\u0117j\u0119 \u012f skyrelius, skirtus pacientams <a href=\"https:\/\/agneabraitiene.lt\/?page_id=109\">skydliauk\u0117s ligos<\/a> ir <a href=\"https:\/\/agneabraitiene.lt\/?page_id=118\">diabetas<\/a>? Skyrelyje apie skydliauk\u0117s ligas patalpinau atsakymus \u012f da\u017eniausiai pacient\u0173 u\u017eduodamus klausimus apie skydliauk\u0117s mazgus, mityb\u0105 sergant skydliauk\u0117s ligomis ir daug kitos informacijos apie skydliauk\u0117s ligas. Diabeto skyrelyje rasite aktuali\u0105 informacij\u0105 diabetu sergantiems ir j\u0173 artimiesiems. Na, o gydytojams skirtame puslapyje sud\u0117jau per paskutinius kelerius metus mano ra\u0161ytas trumpas \u012fvairi\u0173 endokrinini\u0173 lig\u0173 diagnostikos ir gydymo ap\u017evalgas, publikuotas gydytojams ir medicinos studentams skirtuose vadov\u0117liause &#8211; tikiuosi, kad kolegoms jie bus naudingi.    <\/p>\n\n\n\n<p>Nuo\u0161ird\u017eiai J\u016bs\u0173,<\/p>\n\n\n\n<p>Agn\u0117 Abraitien\u0117<\/p>\n\n\n\n<hr class=\"wp-block-separator has-alpha-channel-opacity\"\/>\n\n\n\n<div class=\"wp-block-buttons is-content-justification-center is-layout-flex wp-container-1\">\n<div class=\"wp-block-button has-custom-width wp-block-button__width-75\"><a class=\"wp-block-button__link wp-element-button\" href=\"https:\/\/agneabraitiene.lt\/?page_id=21\" style=\"border-radius:89px;padding-top:var(--wp--preset--spacing--30);padding-right:var(--wp--preset--spacing--30);padding-bottom:var(--wp--preset--spacing--30);padding-left:var(--wp--preset--spacing--30)\">Konsultacijos<\/a><\/div>\n<\/div>\n","protected":false},"excerpt":{"rendered":"<p>Sveiki, dirbu endokrinologe beveik dvide\u0161imt met\u0173. Per \u0161\u012f laik\u0105 Universitetin\u0117je ligonin\u0117je ir priva\u010dioje praktikoje teko konsultuoti daugel\u012f pacient\u0173 su \u012fvairiausiomis &#8211; tiek da\u017enai pasitaikan\u010diomis, tiek retomis &#8211; endokrinin\u0117mis ligomis. \u012egytomis \u017einiomis bei sukaupta patirtimi jau daug met\u0173 dalinuosi su medicinos studentais, endokrinologijos rezidentais bei kolegomis gydytojais. Esu d\u0117kinga likimui, kad tur\u0117jau galimyb\u0119 sukaupti didel\u0119 darbo&hellip; <a class=\"more-link\" href=\"https:\/\/agneabraitiene.lt\/\">T\u0119skite <span class=\"screen-reader-text\">Prad\u017eia<\/span> skaitym\u0105<\/a><\/p>\n","protected":false},"author":1,"featured_media":0,"parent":0,"menu_order":0,"comment_status":"closed","ping_status":"closed","template":"","meta":[],"_links":{"self":[{"href":"https:\/\/agneabraitiene.lt\/index.php?rest_route=\/wp\/v2\/pages\/28"}],"collection":[{"href":"https:\/\/agneabraitiene.lt\/index.php?rest_route=\/wp\/v2\/pages"}],"about":[{"href":"https:\/\/agneabraitiene.lt\/index.php?rest_route=\/wp\/v2\/types\/page"}],"author":[{"embeddable":true,"href":"https:\/\/agneabraitiene.lt\/index.php?rest_route=\/wp\/v2\/users\/1"}],"replies":[{"embeddable":true,"href":"https:\/\/agneabraitiene.lt\/index.php?rest_route=%2Fwp%2Fv2%2Fcomments&post=28"}],"version-history":[{"count":32,"href":"https:\/\/agneabraitiene.lt\/index.php?rest_route=\/wp\/v2\/pages\/28\/revisions"}],"predecessor-version":[{"id":317,"href":"https:\/\/agneabraitiene.lt\/index.php?rest_route=\/wp\/v2\/pages\/28\/revisions\/317"}],"wp:attachment":[{"href":"https:\/\/agneabraitiene.lt\/index.php?rest_route=%2Fwp%2Fv2%2Fmedia&parent=28"}],"curies":[{"name":"wp","href":"https:\/\/api.w.org\/{rel}","templated":true}]}}