{"id":21,"date":"2023-06-25T07:14:05","date_gmt":"2023-06-25T07:14:05","guid":{"rendered":"https:\/\/agneabraitiene.lt\/?page_id=21"},"modified":"2023-07-04T08:32:15","modified_gmt":"2023-07-04T08:32:15","slug":"konsultacijos","status":"publish","type":"page","link":"https:\/\/agneabraitiene.lt\/?page_id=21","title":{"rendered":"Konsultacijos"},"content":{"rendered":"\n<p><strong>Kontaktai<\/strong><\/p>\n\n\n\n<p>Ra\u0161ykit man elektroninio pa\u0161to adresu<strong>\u00a0<a href=\"mailto:info@agneabraitiene.lt\">info@agneabraitiene.lt<\/a><\/strong>. Savo lai\u0161ke trumpai nurodykite:<\/p>\n\n\n\n<ul>\n<li>kokiu klausimu reikalingas patarimas;<\/li>\n\n\n\n<li>koks Jums patogus nuotolinio bendravimo b\u016bdas: vaizdo pokalbis (para\u0161ykite, kuri programa Jums parankiausia: Google Meet, FaceTime, WhatsApp, Zoom, MS Teams, Messenger, Viber) ar pokalbis telefonu (be vaizdo).<\/li>\n<\/ul>\n\n\n\n<p>Stengsiuosi atsakyti&nbsp;\u012f J\u016bs\u0173 u\u017eklaus\u0105 per&nbsp;3 darbo dienas ir para\u0161ysiu artimiausi\u0105 galim\u0105 video susitikimo arba telefoninio pokalbio dat\u0105 ir laik\u0105.<\/p>\n\n\n\n<p>Ra\u0161ydami prisiminkite, kad m\u016bs\u0173 bendravimas elektroniniu pa\u0161tu skirtas suderinti nuotolinio pokalbio dat\u0105 ir laik\u0105, o ne atsakyti \u012f medicininius klausimus ar komentuoti J\u016bs\u0173 tyrim\u0173 rezultatus.&nbsp;<\/p>\n\n\n\n<hr class=\"wp-block-separator has-alpha-channel-opacity\"\/>\n\n\n\n<p><strong>Nuotolinio pokalbio organizavimas ir eiga <\/strong><\/p>\n\n\n\n<p>Jeigu pasi\u016blyta pokalbio data ir laikas Jums tinka, kartu su patvirtinimu atsi\u0173skite man savo duomenis, reikalingus s\u0105skaitai fakt\u016brai u\u017epildyti (vard\u0105, pavard\u0119 ir adres\u0105).&nbsp;<\/p>\n\n\n\n<p>Gavusi J\u016bs\u0173 patvirtinim\u0105, atsi\u0173siu i\u0161ankstin\u0119 s\u0105skait\u0105 fakt\u016br\u0105 apmok\u0117jimui. Iki m\u016bs\u0173 sutarto pokalbio datos atsi\u0173skite apmok\u0117jimo patvirtinim\u0105.&nbsp;<\/p>\n\n\n\n<hr class=\"wp-block-separator has-alpha-channel-opacity\"\/>\n\n\n\n<p><strong>Pokalbio \u012fkainiai:<\/strong><\/p>\n\n\n\n<p><strong>Pirminis pokalbis &#8211; 90 EU (iki&nbsp;30 min).<\/strong><\/p>\n\n\n\n<p><strong>Pakartotinas pokalbis (iki 6 m\u0117n. laikotarpiu po pirminio) &#8211;&nbsp;60 EU (15-20 min).<\/strong><\/p>\n\n\n\n<p>Jeigu norite, kad iki pokalbio susipa\u017ein\u010diau su J\u016bs\u0173 tyrimais ar kita medicinine informacija, kartu su apmok\u0117jimo patvirtinimu atsi\u0173skite savo medicinini\u0173 dokument\u0173 kopijas.<\/p>\n\n\n\n<hr class=\"wp-block-separator has-alpha-channel-opacity\"\/>\n\n\n\n<p><strong>Ko tik\u0117tis i\u0161 nuotolinio pokalbio<\/strong><\/p>\n\n\n\n<p>Esu gydytoja endokrinolog\u0117, tod\u0117l galiu atsakyti \u012f Jums i\u0161kilusius klausimus d\u0117l da\u017en\u0173 ar retesni\u0173 endokrinin\u0117s sistemos lig\u0173. Kiekvienas \u017emogus turi individualias problemas, klausimus ir l\u016bkes\u010dius &#8211; \u012f juos stengsiuosi atsi\u017evelgti m\u016bs\u0173 pokalbio metu. Vis d\u0117lto m\u016bs\u0173 nuotolinis susitikimas grei\u010diausiai bus pana\u0161us \u012f gydytojo ir paciento pokalb\u012f, kurio metu da\u017eniausiai aptariami tokie klausimai:<\/p>\n\n\n\n<ul>\n<li>nusiskundimai ir simptomai, kurie kelia nerim\u0105;<\/li>\n\n\n\n<li>ligos, d\u0117l kurios kreipiat\u0117s, istorija ir skirtas gydymas;<\/li>\n\n\n\n<li>gretutin\u0117s ligos&nbsp;&nbsp;ir vartojami vaistai;<\/li>\n\n\n\n<li>atlikt\u0173 laboratorini\u0173 ir instrumentini\u0173 (da\u017eniausiai sonoskopijos, re\u010diau &#8211; kompiuterin\u0117s tomografijos ar magnetinio rezonanso tomografijos) tyrim\u0173 aptarimas;&nbsp;<\/li>\n\n\n\n<li>diagnoz\u0117s suformulavimas ir paai\u0161kinimas;<\/li>\n\n\n\n<li>gydymo ir\/ar steb\u0117senos rekomendacijos;<\/li>\n\n\n\n<li>atsakymai \u012f Jums i\u0161likusius klausimus.<\/li>\n<\/ul>\n\n\n\n<p>Po m\u016bs\u0173 pokalbio svarbiausi\u0105 informacij\u0105 &#8211; t.y gydymo ir\/ar steb\u0117senos rekomendacij\u0173 suvestin\u0119 atsi\u0173siu Jums elektroniniu lai\u0161ku.&nbsp;<\/p>\n\n\n\n<p>Taigi, m\u016bs\u0173 pokalbio metu pasistengsiu atsakyti \u012f visus J\u016bs\u0173 klausimus d\u0117l endokrinin\u0117s ligos, i\u0161sakysiu savo nuomon\u0119 apie reikalingus papildomus tyrimus ar Jums reikaling\u0105 gydym\u0105. Noriu pabr\u0117\u017eti, kad m\u016bs\u0173 pokalbis yra individualus, t.y mano patarimai ir paai\u0161kinimai netaps formalia nuotoline gydytojo konsultacija ir nebus patalpintas e.sveikatos sistemoje, taip pat negal\u0117siu Jums i\u0161ra\u0161yti kompensuojam\u0173 recept\u0173.&nbsp;&nbsp;<\/p>\n\n\n\n<hr class=\"wp-block-separator has-alpha-channel-opacity\"\/>\n\n\n\n<p><strong>Kaip pasiruo\u0161ti nuotoliniam susitikimui<\/strong><\/p>\n\n\n\n<p>M\u016bs\u0173 pokalbis nebus oficiali nuotolin\u0117 endokrinologo konsultacija, tod\u0117l a\u0161 netur\u0117siu galimyb\u0117s prisijungti prie e.sveikatos sistemos ir per\u017evelgti J\u016bs\u0173 medicinini\u0173 dokument\u0173 duomenis. Jeigu norite, kad susipa\u017ein\u010diau su J\u016bs\u0173 tyrim\u0173 duomenimis ar specialist\u0173 konsultacij\u0173 i\u0161ra\u0161ais &#8211; \u0161i\u0173 dokument\u0173 kopijas atsi\u0173skite man el. pa\u0161tu.<\/p>\n\n\n\n<p>M\u016bs\u0173 pokalbis bus konstruktyvesnis ir produktyvesnis, jei prie\u0161 j\u012f:<\/p>\n\n\n\n<ul>\n<li>apgalvosite Jums nerim\u0105 kelian\u010dius simptomus;<\/li>\n\n\n\n<li>prisiminsite savo ligos istorij\u0105 &#8211; kada liga nustatyta, kokie gydymo metodai taikyti;<\/li>\n\n\n\n<li>atsispausdinsite arba i\u0161sisaugosite elektroniniame formate savo laboratorini\u0173 ir instrumentini\u0173 tyrim\u0173 rezultatus (kaip min\u0117jau, j\u0173 kopijas galite atsi\u0173sti man susipa\u017einimui prie\u0161 m\u016bs\u0173 pokalb\u012f);<\/li>\n\n\n\n<li>apgalvosite svarbiausius klausimus, kuriuos norite su manimi aptarti.&nbsp;<\/li>\n<\/ul>\n","protected":false},"excerpt":{"rendered":"<p>Kontaktai Ra\u0161ykit man elektroninio pa\u0161to adresu\u00a0info@agneabraitiene.lt. Savo lai\u0161ke trumpai nurodykite: Stengsiuosi atsakyti&nbsp;\u012f J\u016bs\u0173 u\u017eklaus\u0105 per&nbsp;3 darbo dienas ir para\u0161ysiu artimiausi\u0105 galim\u0105 video susitikimo arba telefoninio pokalbio dat\u0105 ir laik\u0105. Ra\u0161ydami prisiminkite, kad m\u016bs\u0173 bendravimas elektroniniu pa\u0161tu skirtas suderinti nuotolinio pokalbio dat\u0105 ir laik\u0105, o ne atsakyti \u012f medicininius klausimus ar komentuoti J\u016bs\u0173 tyrim\u0173 rezultatus.&nbsp; Nuotolinio&hellip; <a class=\"more-link\" href=\"https:\/\/agneabraitiene.lt\/?page_id=21\">T\u0119skite <span class=\"screen-reader-text\">Konsultacijos<\/span> skaitym\u0105<\/a><\/p>\n","protected":false},"author":1,"featured_media":0,"parent":0,"menu_order":0,"comment_status":"closed","ping_status":"closed","template":"","meta":[],"_links":{"self":[{"href":"https:\/\/agneabraitiene.lt\/index.php?rest_route=\/wp\/v2\/pages\/21"}],"collection":[{"href":"https:\/\/agneabraitiene.lt\/index.php?rest_route=\/wp\/v2\/pages"}],"about":[{"href":"https:\/\/agneabraitiene.lt\/index.php?rest_route=\/wp\/v2\/types\/page"}],"author":[{"embeddable":true,"href":"https:\/\/agneabraitiene.lt\/index.php?rest_route=\/wp\/v2\/users\/1"}],"replies":[{"embeddable":true,"href":"https:\/\/agneabraitiene.lt\/index.php?rest_route=%2Fwp%2Fv2%2Fcomments&post=21"}],"version-history":[{"count":8,"href":"https:\/\/agneabraitiene.lt\/index.php?rest_route=\/wp\/v2\/pages\/21\/revisions"}],"predecessor-version":[{"id":101,"href":"https:\/\/agneabraitiene.lt\/index.php?rest_route=\/wp\/v2\/pages\/21\/revisions\/101"}],"wp:attachment":[{"href":"https:\/\/agneabraitiene.lt\/index.php?rest_route=%2Fwp%2Fv2%2Fmedia&parent=21"}],"curies":[{"name":"wp","href":"https:\/\/api.w.org\/{rel}","templated":true}]}}