{"id":20,"date":"2023-06-25T07:14:05","date_gmt":"2023-06-25T07:14:05","guid":{"rendered":"https:\/\/agneabraitiene.lt\/?page_id=20"},"modified":"2026-01-07T15:16:54","modified_gmt":"2026-01-07T15:16:54","slug":"biografija","status":"publish","type":"page","link":"https:\/\/agneabraitiene.lt\/?page_id=20","title":{"rendered":"Mano profesin\u0117 veikla"},"content":{"rendered":"\n<figure class=\"wp-block-image size-large\"><img decoding=\"async\" loading=\"lazy\" width=\"745\" height=\"1024\" src=\"http:\/\/agneabraitiene.lt\/wp-content\/uploads\/2023\/07\/AgneAbraitiene-1-745x1024.jpg\" alt=\"\" class=\"wp-image-33\" srcset=\"https:\/\/agneabraitiene.lt\/wp-content\/uploads\/2023\/07\/AgneAbraitiene-1-745x1024.jpg 745w, https:\/\/agneabraitiene.lt\/wp-content\/uploads\/2023\/07\/AgneAbraitiene-1-218x300.jpg 218w, https:\/\/agneabraitiene.lt\/wp-content\/uploads\/2023\/07\/AgneAbraitiene-1-768x1055.jpg 768w, https:\/\/agneabraitiene.lt\/wp-content\/uploads\/2023\/07\/AgneAbraitiene-1-1118x1536.jpg 1118w, https:\/\/agneabraitiene.lt\/wp-content\/uploads\/2023\/07\/AgneAbraitiene-1-1491x2048.jpg 1491w, https:\/\/agneabraitiene.lt\/wp-content\/uploads\/2023\/07\/AgneAbraitiene-1-1568x2154.jpg 1568w, https:\/\/agneabraitiene.lt\/wp-content\/uploads\/2023\/07\/AgneAbraitiene-1-scaled.jpg 1863w\" sizes=\"(max-width: 745px) 100vw, 745px\" \/><\/figure>\n\n\n\n<p><strong>I\u0161silavinimas<\/strong><\/p>\n\n\n\n<p>1992\u20131998 m.&nbsp;&nbsp;&#8211; Medicinos studijos Vilniaus Universitete Medicinos fakultete<\/p>\n\n\n\n<p>1999\u20132004&nbsp;m. &#8211; Rezident\u016bra Vilniaus universiteto ligonin\u0117s Santari\u0161ki\u0173 klinikose<\/p>\n\n\n\n<p>2004\u20132008 m. &#8211; Biomedicinos moksl\u0173 krypties doktorant\u016bra Vilniaus Universitete Medicinos fakultete<\/p>\n\n\n\n<p><strong>Profesin\u0117 patirtis<\/strong><\/p>\n\n\n\n<p>Nuo 2005 m.&nbsp; Vilniaus universiteto ligonin\u0117s Santari\u0161ki\u0173 klinikose, gydytojas endokrinologas<\/p>\n\n\n\n<p>Nuo 2009 m. VU medicinos fakultetas, Vidaus lig\u0173, onkologijos ir \u0161eimos medicinos klinika, lektor\u0117\/asistent\u0117<\/p>\n\n\n\n<p>Nuo 2011 m.&nbsp;UAB &#8222;Kardiolita&#8221;, gydytojas endokrinologas<\/p>\n\n\n\n<p><strong>Naryst<\/strong><strong>\u0117s:<\/strong><\/p>\n\n\n\n<p>Europos Diabeto tyrim\u0173 asociacijos (EASD) nar\u0117<\/p>\n\n\n\n<p>Lietuvos endokrinolog\u0173 draugijos (LED) tarybos nar\u0117<\/p>\n\n\n\n<p><strong>Profesinis tobulinimasis&nbsp;<\/strong><\/p>\n\n\n\n<p>Kasmetinis kvalifikacijos k\u0117limas tarptautiniuose endokrinologijos ir diabetologijos kongresuose<\/p>\n\n\n\n<p>Paskait\u0173 ir prane\u0161im\u0173 skaitymas \u012fvairi\u0173 specialybi\u0173 gydytojams konferencijose Lietuvoje<\/p>\n\n\n\n<p>Paskait\u0173 skaitymas Vilniaus Universiteto Medicinos fakulteto gydytoj\u0173 kvalifikacijos k\u0117limo kursuose<\/p>\n\n\n\n<p>Endokrinologijos d\u0117stymas Vilniaus Universiteto Medicinos fakulteto studentams&nbsp;<\/p>\n\n\n\n<p><strong>Dalyvavimas tarptautiniuose kongresuose per paskutinius 5 metus:<\/strong><strong><\/strong><\/p>\n\n\n\n<p>2018 m. 54th EASD Annual Meeting, Berlin<\/p>\n\n\n\n<p>2019 m. 12th International Congress on Advanced Technologies and Treatment for Diabetes, Berlin<\/p>\n\n\n\n<p>2019 m. 55th EASD Annual Meeting, Barcelona<\/p>\n\n\n\n<p>2020 m. 56th EASD Annual Meeting&nbsp;<\/p>\n\n\n\n<p>2020 m. 22nd European Congress of Endocrinology (virtual)<\/p>\n\n\n\n<p>2021 m. 23rd European Congress of Endocrinology (virtual)<\/p>\n\n\n\n<p>2021 m. 57th EASD Annual Meeting (virtual)<\/p>\n\n\n\n<p>2022 m. 82th&nbsp;Scientific Session of American Diabetes Association, New Orleans<\/p>\n\n\n\n<p>2022 m. 58th EASD Annual Meeting, Stockholm<\/p>\n\n\n\n<p>2023 m. 25th European Congress of Endocrinology, Istanbul&nbsp;<\/p>\n\n\n\n<p><strong>Mokslin\u0117 ir pedagogin\u0117 veikla<\/strong><\/p>\n\n\n\n<p>Endokrinologijos lig\u0173, cukrinio diabeto, hipofiz\u0117s ir skydliauk\u0117s lig\u0173 vadov\u0117li\u0173, skirt\u0173 studentams, bendrosios praktikos ir kit\u0173 specialybi\u0173 gydytojams, autor\u0117.&nbsp;<\/p>\n\n\n\n<p>Publikacijos recenzuojamuose leidiniuose:<\/p>\n\n\n\n<ol type=\"1\">\n<li>Urbanavi\u010dius V, Ku\u010dinskien\u0117 ZA, Petrulionien\u0117 \u017d, Gri\u0161kevi\u010dius A,&nbsp;<strong>Abraitien\u0117 A<\/strong>. Kai kurie hipertrigliceridemijos ir kit\u0173 dislipidemij\u0173, paplitusi\u0173 tarp cukriniu diabetu sergan\u010di\u0173 pacient\u0173, diagnostikos ir gydymo aspektai.&nbsp;<em>Lietuvos Endokrinologija<\/em>&nbsp;2003;11:68-73<\/li>\n\n\n\n<li>Kaminskas A,&nbsp;<strong>Abraitien\u0117 A<\/strong>, Urbanavi\u010dius V, Ku\u010dinskien\u0117 ZA. Pilvo poodinio audinio riebal\u0173 r\u016bg\u0161\u010di\u0173 sud\u0117ties poky\u010diai esant prie\u0161diabetinei b\u016bklei ir sergant 2 tipo cukriniu diabetu.&nbsp;<em>Laboratorin\u0117 medicina<\/em>&nbsp;2007;t.9 Nr. 4(36), p. 161-164<\/li>\n\n\n\n<li>Urbanavi\u010dius V,&nbsp;<strong>Abraitien\u0117 A<\/strong>, Vitkus D, Borovkien\u0117 R, Ku\u010dinskien\u0117 ZA. Adiponectin and insulin resistance&nbsp;in pre-diabetes and early type 2 diabetes mellitus.&nbsp;<em>Gerontologija<\/em>&nbsp;2008;9(1):7-14<\/li>\n\n\n\n<li><strong>Abraitien\u0117 A<\/strong>, Urbanavi\u010dius V, Ku\u010dinskien\u0117 ZA, Kaminskas A, Vitkus D. Adiponektino apykaitos ypatumai esant prediabetin\u0117ms b\u016bkl\u0117ms ir ankstyvai 2 tipo cukrinio diabeto stadijai.&nbsp;<em>Medicinos teorija ir praktika&nbsp;<\/em>2008;14(2):165-172<\/li>\n\n\n\n<li><strong>Abraitien\u0117 A<\/strong>, Urbanavi\u010dius V, Kaminskas A, Ku\u010dinskien\u0117 ZA. Pilvo poodinio riebalinio audinio riebal\u0173 r\u016bg\u0161\u010di\u0173 spektro ry\u0161iai su adiponektino, leptino bei rezistino kiekiais kraujyje.&nbsp;<em>Medicinos teorija ir praktika<\/em>&nbsp;2008;14(3):270-274&nbsp;<\/li>\n\n\n\n<li>Urbanavi\u010dius V,&nbsp;<strong>Abraitien\u0117 A<\/strong>, Vitkus D, Borovkien\u0117 R, Ku\u010dinskien\u0117 ZA. Adiponectin and uric acid in pre-diabetes and early type 2 diabetes mellitus.&nbsp;<em>Acta Medica Lituanica<\/em>&nbsp;2008;15(2):81-87<\/li>\n\n\n\n<li><strong>Abraitiene A<\/strong>, Urbanavi\u010dius V, Urbanavi\u010dien\u0117 V, Bal\u010diut\u0117 E, Kaminskyt\u0117 L, R. Laukien\u0117 R, Klima\u0161auskien\u0117 A, Bacevi\u010dien\u0117 J, Auk\u0161tikalnien\u0117 M, Miglinas M, Ju\u0161kien\u0117 R, Kriau\u010di\u016bnien\u0117 D, Visockien\u0117 \u017d, Gavelien\u0117 E, Grigonis S, Dunauskas V, \u0160apoka V, Kasiulevi\u010dius V. Cukrinis diabetes (mokymo priemon\u0117). 2008<\/li>\n\n\n\n<li>Urbanavi\u010dius V,&nbsp;<strong>Abraitien\u0117 A<\/strong>, Urbanavi\u010di\u016bt\u0117 A. Characteristics of an adult population with newly diagnosed type 2 diabetes in Lithuania.&nbsp;<em>Medicinos teorija ir praktika&nbsp;<\/em>2009; 15(4):392-398<\/li>\n\n\n\n<li>Urbanavi\u010dius V, Kazanavi\u010dius G,&nbsp;<strong>Abraitien\u0117 A<\/strong>, Laukien\u0117 R, La\u0161ien\u0117 J, Purtokait\u0117 Labutinien\u0117 I, Kozlovien\u0117 D. Akromegalijos klinika, diagnostika ir gydymas (metodin\u0117 priemon\u0117). 2011&nbsp;<\/li>\n\n\n\n<li><strong>Abraitien\u0117 A<\/strong>, Gird\u017ei\u016bt\u0117 M, Urbanavi\u010dius V. Skydliauk\u0117s mazg\u0173 i\u0161tyrimas ir gydymas (mokymo priemon\u0117). 2011<\/li>\n\n\n\n<li>Urbanavi\u010dius V, Abalik\u0161ta T, Brimas G,&nbsp;<strong>Abraitien\u0117 A<\/strong>, Gogelien\u0117 L, Strupas K. Comparison of changes in blood glucose, insulin resistance indices, and adipokine levels in diabetic and nondiabetic subjects with morbid obesity after laparoscopic adjustable gastric banding.&nbsp;<em>Medicina<\/em>&nbsp;(Kaunas) 2013;49(1):9-14&nbsp;<\/li>\n\n\n\n<li><strong>Abraitien\u0117 A<\/strong>, Urbanavi\u010dius V. Clinical features and therapeutic outcomes of acromegaly during the recent&nbsp;5&nbsp;years: single centre experience.&nbsp;<em>Endocrine Abstracts<\/em>&nbsp;(2014)&nbsp;35&nbsp;P838<\/li>\n\n\n\n<li><strong>Abraitien\u0117 A<\/strong>, Mi\u0161eikyt\u0117 \u2013 Kaubrien\u0117 E, Bei\u0161a V, Kuprionis G, Mak\u0161tien\u0117 J, Rimien\u0117 J, Mickuvien\u0117 N, Barsien\u0117 L, Verkauskien\u0117 R. Skydliauk\u0117s mazg\u0173 i\u0161tyrimas ir gydymas: ekspert\u0173 rekomendacijos.&nbsp;<em>Lietuvos Endokrinologija<\/em>&nbsp;2014;22:115-122<\/li>\n\n\n\n<li><strong>Abraitien\u0117 A<\/strong>, Mi\u0161eikyt\u0117 &#8211; Kaubrien\u0117 E, Kuprionis G, Mak\u0161tien\u0117 J, Bei\u0161a V, Rimien\u0117 J, Jakubonien\u0117 N, Mickuvien\u0117 N, Barsien\u0117 L, Verkauskien\u0117 R. Skydliauk\u0117s mazg\u0173 i\u0161tyrimas ir gydymas (mokymo priemon\u0117).&nbsp;2015<\/li>\n\n\n\n<li><strong>Abraitien\u0117 A<\/strong>, Urbanavi\u010dius V. Effectiveness of somatostatin analogs as first-line or recond-line treatment of acromegaly: single centre experience.&nbsp;<em>Endocrine Abstracts<\/em>&nbsp;(2015)&nbsp;37&nbsp;EP726<\/li>\n\n\n\n<li><strong>Abraitien\u0117 A<\/strong>, Urbanavi\u010dius V, \u017delnyt\u0117 G. Real-World comorbidities and therapeutic outcomes of patients with acromegaly: single centre experience.&nbsp;<em>Baltic Endocrinology<\/em>&nbsp;(2016), vol.9, No 1, 2, 3, 4. 1-7<\/li>\n\n\n\n<li>Urbanavi\u010dius V,&nbsp;&nbsp;<strong>Abraitien\u0117 A<\/strong>. Akromegalijos klinika, diagnostika ir gydymas (mokymo priemon\u0117).&nbsp;2016<\/li>\n\n\n\n<li><strong>Abraitien<\/strong><strong>\u0117 A<\/strong>, Aleknait\u0117 A, \u017delnyt\u0117 G.&nbsp;Somatostatin analogs in the treatment of acromegaly: single centre experience.&nbsp;<em>Endocrine Abstracts<\/em>&nbsp;(2017) 49 EP990<\/li>\n\n\n\n<li><strong>Abraitien\u0117 A<\/strong>, Averjanovait\u0117 V, Aleknait\u0117 A. L\u0117tinio hipoparatiroidizmo diagnostika ir gydymas.&nbsp;<em>Lietuvos Endokrinologija<\/em>&nbsp;(2017) tomas 25, Nr.1-4; 68-74.<\/li>\n\n\n\n<li>Maskoli\u016bnait\u0117 V, Mak\u016bnait\u0117 G, Garnelyt\u0117 A,&nbsp;<strong>Abraitien\u0117 A<\/strong>, Bei\u0161a V. SDHB mutated paraganglioma imitating thyroid tumor: A case report and review of literature.&nbsp;<em>Case reports in Clinical Pathology<\/em>&nbsp;2018;5(2):5-11 (DOI: 10.5430\/crcp.v5n2p5)&nbsp;<\/li>\n\n\n\n<li>J. \u010ceponis,&nbsp;<strong>A. Abraitien\u0117<\/strong>, D. Veli\u010dkien\u0117, G. Naskauskien\u0117, R. Verkauskien\u0117, \u017d. Visockien\u0117, A. Norkus. 2&nbsp;tipo cukrinio diabeto gydymas pagal&nbsp;2018 m. Amerikos Diabeto ir Europos Diabeto Asociacij\u0173 sutarim\u0105 \u012fvertinus naujausi\u0173 tyrim\u0173 duomenis: praktinio darbo rekomendacijos specialistams Lietuvoje.&nbsp;<em>Lietuvos Endokrinologija<\/em>&nbsp;2018 tomas 26 Nr 2,3,4; 110-125<\/li>\n\n\n\n<li>Schernthaner G, Karasik A,&nbsp;<strong>Abraitiene A<\/strong>, Ametov AS, Gaal Z, Gumprecht J, Janez A, Kaser S, Lalic K, Mankovsky BN, Moshkovich E, Past M, Prazny M, Radulian G, Duvnjak LS, Tkac I, Trusinskis K. Evidence from routine clinical practice: EMPRISE provides a new perspective on CVOTs.&nbsp;<em>Cardiovascul Diabetol<\/em>&nbsp;(2019) 18:115<\/li>\n\n\n\n<li>Radzevi\u010dien\u0117 L, Veli\u010dkien\u0117 D, \u017dilaitien\u0117 B, \u010ceponis J, Visockien\u0117 \u017d,&nbsp;<strong>Abraitien\u0117 A<\/strong>, Urbanavi\u010dien\u0117 E. Bazini\u0173 insulin\u0173 ir j\u0173 analog\u0173 inicijavimo ir titravimo rekomendacijos.&nbsp;<em>Lietuvos Endokrinologija<\/em>&nbsp;2019 m. 27 tomas Nr. 3,4 65-66&nbsp;<\/li>\n\n\n\n<li><strong>A. Abraitien\u0117<\/strong>. Skydliauk\u0117s ligos ir amiodaronas. Endokrinini\u0173 lig\u0173 diagnostikos ir gydymo algoritmai. Mokomoji knyga (LSMU) 2019 m. 198-204<\/li>\n\n\n\n<li><strong>A. Abraitien\u0117<\/strong>. Subklinikin\u0117 hipotiroz\u0117. Endokrinini\u0173 lig\u0173 diagnostikos ir gydymo algoritmai. Mokomoji knyga (LSMU) 2019 m. 210-216<\/li>\n\n\n\n<li><strong>A. Abraitien\u0117<\/strong>. Hipoparatiroz\u0117. Endokrinini\u0173 lig\u0173 diagnostikos ir gydymo algoritmai. Mokomoji knyga (LSMU) 2019 m. 217-223<\/li>\n\n\n\n<li>A<strong>. Abraitien\u0117<\/strong>, R. Knispelis. Hipofiz\u0117s incidentalioma. Endokrinini\u0173 lig\u0173 diagnostikos ir gydymo algoritmai. Mokomoji knyga (LSMU) 2019 m. 232-237<\/li>\n\n\n\n<li><strong>A. Abraitien\u0117<\/strong>, R. Knispelis. Akromegalija. Endokrinini\u0173 lig\u0173 diagnostikos ir gydymo algoritmai. Mokomoji knyga (LSMU) 2019 m. 263-270<\/li>\n\n\n\n<li><strong>A. Abraitien\u0117<\/strong>. Hiperprolaktinemija. Endokrinini\u0173 lig\u0173 diagnostikos ir gydymo algoritmai. Mokomoji knyga (LSMU) 2019 m. 351-258<\/li>\n\n\n\n<li><strong>A. Abraitien\u0117<\/strong>. Diabetin\u0117 kardiovaskulin\u0117 autonomin\u0117 neuropatija.Diabetas ir kardiovaskulin\u0117 rizika. Monografija (LSMU, VU MF) 2020 m. 179-191<\/li>\n\n\n\n<li>G. Banu\u0161kevi\u010dien\u0117,&nbsp;<strong>A. Abraitien\u0117<\/strong>, R. Ju\u0161kien\u0117, R. Baltagalvien\u0117. Gydymui i\u0161 dalies atspari prolaktinoma: klinikinis atvejis ir literat\u016bros ap\u017evalga.&nbsp;<em>Laboratorin\u0117 medicina<\/em>&nbsp;2021, t. 23, Nr. 2(88):81-85<\/li>\n\n\n\n<li><strong>A. Abraitien\u0117<\/strong>. Adipokin\u0173 reik\u0161m\u0117 gliukoz\u0117s apykaitos sutrikim\u0173 i\u0161sivystymui. Prediabetas. Monografija (LSMU, VU MF)&nbsp;2021 m. 190-202<\/li>\n<\/ol>\n","protected":false},"excerpt":{"rendered":"<p>I\u0161silavinimas 1992\u20131998 m.&nbsp;&nbsp;&#8211; Medicinos studijos Vilniaus Universitete Medicinos fakultete 1999\u20132004&nbsp;m. &#8211; Rezident\u016bra Vilniaus universiteto ligonin\u0117s Santari\u0161ki\u0173 klinikose 2004\u20132008 m. &#8211; Biomedicinos moksl\u0173 krypties doktorant\u016bra Vilniaus Universitete Medicinos fakultete Profesin\u0117 patirtis Nuo 2005 m.&nbsp; Vilniaus universiteto ligonin\u0117s Santari\u0161ki\u0173 klinikose, gydytojas endokrinologas Nuo 2009 m. VU medicinos fakultetas, Vidaus lig\u0173, onkologijos ir \u0161eimos medicinos klinika, lektor\u0117\/asistent\u0117 Nuo&hellip; <a class=\"more-link\" href=\"https:\/\/agneabraitiene.lt\/?page_id=20\">T\u0119skite <span class=\"screen-reader-text\">Mano profesin\u0117 veikla<\/span> skaitym\u0105<\/a><\/p>\n","protected":false},"author":1,"featured_media":0,"parent":0,"menu_order":0,"comment_status":"closed","ping_status":"closed","template":"","meta":[],"_links":{"self":[{"href":"https:\/\/agneabraitiene.lt\/index.php?rest_route=\/wp\/v2\/pages\/20"}],"collection":[{"href":"https:\/\/agneabraitiene.lt\/index.php?rest_route=\/wp\/v2\/pages"}],"about":[{"href":"https:\/\/agneabraitiene.lt\/index.php?rest_route=\/wp\/v2\/types\/page"}],"author":[{"embeddable":true,"href":"https:\/\/agneabraitiene.lt\/index.php?rest_route=\/wp\/v2\/users\/1"}],"replies":[{"embeddable":true,"href":"https:\/\/agneabraitiene.lt\/index.php?rest_route=%2Fwp%2Fv2%2Fcomments&post=20"}],"version-history":[{"count":7,"href":"https:\/\/agneabraitiene.lt\/index.php?rest_route=\/wp\/v2\/pages\/20\/revisions"}],"predecessor-version":[{"id":319,"href":"https:\/\/agneabraitiene.lt\/index.php?rest_route=\/wp\/v2\/pages\/20\/revisions\/319"}],"wp:attachment":[{"href":"https:\/\/agneabraitiene.lt\/index.php?rest_route=%2Fwp%2Fv2%2Fmedia&parent=20"}],"curies":[{"name":"wp","href":"https:\/\/api.w.org\/{rel}","templated":true}]}}