{"id":130,"date":"2023-07-07T10:20:24","date_gmt":"2023-07-07T10:20:24","guid":{"rendered":"https:\/\/agneabraitiene.lt\/?page_id=130"},"modified":"2023-07-14T07:01:37","modified_gmt":"2023-07-14T07:01:37","slug":"informacija-profesionalams","status":"publish","type":"page","link":"https:\/\/agneabraitiene.lt\/?page_id=130","title":{"rendered":"Gydytojams"},"content":{"rendered":"\n<div class=\"wp-block-query is-layout-flow\"><ul class=\"wp-block-post-template is-layout-flow\"><li class=\"wp-block-post post-320 post type-post status-publish format-standard hentry category-gydytojams category-pacientui entry\">\n<h3 class=\"wp-block-post-title\"><a href=\"https:\/\/agneabraitiene.lt\/?p=320\" target=\"_self\" >Mitai ir faktai apie nutukim\u0105<\/a><\/h3>\n\n<div class=\"wp-block-post-excerpt\"><p class=\"wp-block-post-excerpt__excerpt\">Nutukimas \u0161iuolaikin\u0117je visuomen\u0117je tampa vis labiau paplitusia sveikatos problema, turin\u010dia medicinini\u0173, socialini\u0173 bei ekonomini\u0173 pasekmi\u0173. Pasaulio sveikatos organizacijos duomenimis, nutukimo paplitimas pastar\u0105j\u012f de\u0161imtmet\u012f nuolat did\u0117ja tiek suaugusi\u0173j\u0173, tiek vaik\u0173 populiacijose, ir tai kelia gr\u0117sm\u0119 \u0161irdies ir kraujagysli\u0173 lig\u0173, diabeto, osteoartrito, kai kuri\u0173 v\u0117\u017eio form\u0173 bei kit\u0173 daugybini\u0173 su nutukimu siejam\u0173 komplikacij\u0173 vystymuisi. Nors turime daug&hellip; <a class=\"more-link\" href=\"https:\/\/agneabraitiene.lt\/?p=320\">T\u0119skite <span class=\"screen-reader-text\">Mitai ir faktai apie nutukim\u0105<\/span> skaitym\u0105<\/a> <\/p><\/div>\n\n\n<hr class=\"wp-block-separator has-css-opacity\"\/>\n\n<\/li><li class=\"wp-block-post post-156 post type-post status-publish format-standard hentry category-gydytojams entry\">\n<h3 class=\"wp-block-post-title\"><a href=\"https:\/\/agneabraitiene.lt\/?p=156\" target=\"_self\" >Akromegalija<\/a><\/h3>\n\n<div class=\"wp-block-post-excerpt\"><p class=\"wp-block-post-excerpt__excerpt\">Akromegalija \u2013 tai reta endokrinin\u0117 liga, kuri\u0105 sukelia padid\u0117jusi augimo hormono (AH) sekrecija.&nbsp;Padid\u0117j\u0119s AH kiekis vaikams sukelia gigantizm\u0105, suaugusiems \u2013 akromegalij\u0105.&nbsp; Daugumai pacient\u0173 (iki 98&nbsp;proc.), sergan\u010di\u0173 akromegalija, nustatoma gerybin\u0117 priekin\u0117s hipofiz\u0117s dalies adenoma, gaminanti perteklin\u012f AH kiek\u012f (1 lentel\u0117). Hipofiz\u0117s adenomos yra skirstomos \u012f mikroadenomas (&lt;1cm skersmens) ir makroadenomas (\u22651 cm skersmens). Labai retai&nbsp;hipofiz\u0117s adenoma&hellip; <a class=\"more-link\" href=\"https:\/\/agneabraitiene.lt\/?p=156\">T\u0119skite <span class=\"screen-reader-text\">Akromegalija<\/span> skaitym\u0105<\/a> <\/p><\/div>\n\n\n<hr class=\"wp-block-separator has-css-opacity\"\/>\n\n<\/li><li class=\"wp-block-post post-154 post type-post status-publish format-standard hentry category-gydytojams entry\">\n<h3 class=\"wp-block-post-title\"><a href=\"https:\/\/agneabraitiene.lt\/?p=154\" target=\"_self\" >Hiperprolaktinemija<\/a><\/h3>\n\n<div class=\"wp-block-post-excerpt\"><p class=\"wp-block-post-excerpt__excerpt\">Prolaktin\u0105 gamina ir i\u0161skiria hipofiz\u0117s laktotropin\u0117s l\u0105stel\u0117s. J\u0173 veikl\u0105 slopina pogumburio l\u0105steli\u0173 gaminamas dopaminas, patenkantis i\u0161 pogumburio \u012f hipofiz\u0119 per piltuv\u0117l\u012f ir veikiantis laktotropini\u0173 l\u0105steli\u0173 D2 receptorius. Jeigu d\u0117l bet koki\u0173 prie\u017eas\u010di\u0173 sutrinka dopamino patekimas i\u0161 pogumburio \u012f hipofiz\u0119, prolaktino sekrecija did\u0117ja ir vystosi hiperprolaktinemija. Kiti veiksniai, skatinantys prolaktino sintez\u0119 ir sekrecij\u0105, yra estrogenai, tirotropin\u0105&hellip; <a class=\"more-link\" href=\"https:\/\/agneabraitiene.lt\/?p=154\">T\u0119skite <span class=\"screen-reader-text\">Hiperprolaktinemija<\/span> skaitym\u0105<\/a> <\/p><\/div>\n\n\n<hr class=\"wp-block-separator has-css-opacity\"\/>\n\n<\/li><li class=\"wp-block-post post-152 post type-post status-publish format-standard hentry category-gydytojams entry\">\n<h3 class=\"wp-block-post-title\"><a href=\"https:\/\/agneabraitiene.lt\/?p=152\" target=\"_self\" >Subklinikin\u0117 hipotiroz\u0117<\/a><\/h3>\n\n<div class=\"wp-block-post-excerpt\"><p class=\"wp-block-post-excerpt__excerpt\">Subklinikin\u0117 hipotiroz\u0117 (SKH) \u2013 tai b\u016bkl\u0117, kurios metu stebimas tirotropinio hormono (TTH) koncentracijos padid\u0117jimas kraujo serume, ta\u010diau kraujyje cirkuliuojan\u010di\u0173 laisvo tiroksino (LT4) ir laisvo trijodtironino (LT3) koncentracijos i\u0161lieka normos ribose. SKH paplitimas populiacijoje svyruoja nuo 4 iki 12&nbsp;proc., o pasirei\u0161kimo rizika didesn\u0117 moterims (7,5 proc.), vyresnio am\u017eiaus (&gt;65 m.) asmenims (iki 15 proc.), kaukazie\u010di\u0173 ras\u0117s&hellip; <a class=\"more-link\" href=\"https:\/\/agneabraitiene.lt\/?p=152\">T\u0119skite <span class=\"screen-reader-text\">Subklinikin\u0117 hipotiroz\u0117<\/span> skaitym\u0105<\/a> <\/p><\/div>\n\n\n<hr class=\"wp-block-separator has-css-opacity\"\/>\n\n<\/li><\/ul>\n\n<nav class=\"wp-block-query-pagination is-horizontal is-content-justification-center is-layout-flex wp-container-2\" aria-label=\"Puslapiavimas\">\n\n\n<div class=\"wp-block-query-pagination-numbers\"><span aria-current=\"page\" class=\"page-numbers current\">1<\/span>\n<a class=\"page-numbers\" href=\"?query-19-page=2&#038;rest_route=%2Fwp%2Fv2%2Fpages%2F130\">2<\/a><\/div>\n\n<a href=\"\/index.php?rest_route=%2Fwp%2Fv2%2Fpages%2F130&#038;query-19-page=2\" class=\"wp-block-query-pagination-next\">Kitas puslapis<\/a>\n<\/nav><\/div>\n","protected":false},"excerpt":{"rendered":"","protected":false},"author":1,"featured_media":0,"parent":0,"menu_order":0,"comment_status":"closed","ping_status":"closed","template":"","meta":[],"_links":{"self":[{"href":"https:\/\/agneabraitiene.lt\/index.php?rest_route=\/wp\/v2\/pages\/130"}],"collection":[{"href":"https:\/\/agneabraitiene.lt\/index.php?rest_route=\/wp\/v2\/pages"}],"about":[{"href":"https:\/\/agneabraitiene.lt\/index.php?rest_route=\/wp\/v2\/types\/page"}],"author":[{"embeddable":true,"href":"https:\/\/agneabraitiene.lt\/index.php?rest_route=\/wp\/v2\/users\/1"}],"replies":[{"embeddable":true,"href":"https:\/\/agneabraitiene.lt\/index.php?rest_route=%2Fwp%2Fv2%2Fcomments&post=130"}],"version-history":[{"count":7,"href":"https:\/\/agneabraitiene.lt\/index.php?rest_route=\/wp\/v2\/pages\/130\/revisions"}],"predecessor-version":[{"id":217,"href":"https:\/\/agneabraitiene.lt\/index.php?rest_route=\/wp\/v2\/pages\/130\/revisions\/217"}],"wp:attachment":[{"href":"https:\/\/agneabraitiene.lt\/index.php?rest_route=%2Fwp%2Fv2%2Fmedia&parent=130"}],"curies":[{"name":"wp","href":"https:\/\/api.w.org\/{rel}","templated":true}]}}