{"id":118,"date":"2023-07-07T10:06:44","date_gmt":"2023-07-07T10:06:44","guid":{"rendered":"https:\/\/agneabraitiene.lt\/?page_id=118"},"modified":"2023-07-14T07:24:35","modified_gmt":"2023-07-14T07:24:35","slug":"cukrinis-diabetas","status":"publish","type":"page","link":"https:\/\/agneabraitiene.lt\/?page_id=118","title":{"rendered":"Diabetas"},"content":{"rendered":"\n<h3 class=\"wp-block-heading\">N\u0117\u0161\u010di\u0173j\u0173 (gestacinis) diabetas<\/h3>\n\n\n\n<p>N\u0117\u0161\u010di\u0173j\u0173 diabetas &#8211; daug streso, \u012ftampos ir klausim\u0173 pacient\u0117ms kelianti diagnoz\u0117. Gydytoj\u0173 endokrinolog\u0173, \u0161ios srities ekspert\u0173 paruo\u0161t\u0105 informacin\u0119 med\u017eiag\u0105 apie \u0161i\u0105 b\u016bkl\u0119 rasite \u010dia:&nbsp;<\/p>\n\n\n\n<p><a href=\"https:\/\/www.diabetoabc.lt\/content\/dam\/diabetoabc\/shared\/content-pages\/pdfs\/nesciuju-diabetas.pdf\" target=\"_blank\" rel=\"noreferrer noopener\">https:\/\/www.diabetoabc.lt\/content\/dam\/diabetoabc\/shared\/content-pages\/pdfs\/nesciuju-diabetas.pdf<\/a><\/p>\n\n\n\n<hr class=\"wp-block-separator aligncenter has-alpha-channel-opacity\"\/>\n\n\n\n<div class=\"wp-block-query is-layout-flow\"><ul class=\"wp-block-post-template is-layout-flow\"><li class=\"wp-block-post post-320 post type-post status-publish format-standard hentry category-gydytojams category-pacientui entry\">\n<h3 class=\"wp-block-post-title\"><a href=\"https:\/\/agneabraitiene.lt\/?p=320\" target=\"_self\" >Mitai ir faktai apie nutukim\u0105<\/a><\/h3>\n\n<div class=\"wp-block-post-excerpt\"><p class=\"wp-block-post-excerpt__excerpt\">Nutukimas \u0161iuolaikin\u0117je visuomen\u0117je tampa vis labiau paplitusia sveikatos problema, turin\u010dia medicinini\u0173, socialini\u0173 bei ekonomini\u0173 pasekmi\u0173. Pasaulio sveikatos organizacijos duomenimis, nutukimo paplitimas pastar\u0105j\u012f de\u0161imtmet\u012f nuolat did\u0117ja tiek suaugusi\u0173j\u0173, tiek vaik\u0173 populiacijose, ir tai kelia gr\u0117sm\u0119 \u0161irdies ir kraujagysli\u0173 lig\u0173, diabeto, osteoartrito, kai kuri\u0173 v\u0117\u017eio form\u0173 bei kit\u0173 daugybini\u0173 su nutukimu siejam\u0173 komplikacij\u0173 vystymuisi. Nors turime daug&hellip; <a class=\"more-link\" href=\"https:\/\/agneabraitiene.lt\/?p=320\">T\u0119skite <span class=\"screen-reader-text\">Mitai ir faktai apie nutukim\u0105<\/span> skaitym\u0105<\/a> <\/p><\/div>\n\n\n<hr class=\"wp-block-separator has-css-opacity\"\/>\n\n<\/li><li class=\"wp-block-post post-122 post type-post status-publish format-standard hentry category-pacientui entry\">\n<h3 class=\"wp-block-post-title\"><a href=\"https:\/\/agneabraitiene.lt\/?p=122\" target=\"_self\" >Pirmo tipo cukrinis diabetas ir \u0161irdies ligos: k\u0105 svarbu \u017einoti pacientui?<\/a><\/h3>\n\n<div class=\"wp-block-post-excerpt\"><p class=\"wp-block-post-excerpt__excerpt\">Pirmo tipo cukrinis diabetas yra liga, kuomet d\u0117l \u012fvairi\u0173 prie\u017eas\u010di\u0173 sunyksta \u017emogaus insulin\u0105 gaminan\u010dios kasos l\u0105stel\u0117s.&nbsp;&nbsp;Tr\u016bkstant insulino gliukoz\u0117 negali patekti \u012f \u012fvairias organizmo l\u0105stel\u0117s, tod\u0117l did\u0117ja gliukoz\u0117s kiekis kraujyje. Taigi, sergant pirmo tipo cukriniu diabetu, gliukoz\u0117 kaupiasi kraujyje, o organizmo l\u0105stel\u0117s, negaudamos svarbios energetin\u0117s med\u017eiagos, badauja. Atsiranda savijautos pablog\u0117jimas &#8211; nuovargis, bendras silpnumas, regos pablog\u0117jimas,&hellip; <a class=\"more-link\" href=\"https:\/\/agneabraitiene.lt\/?p=122\">T\u0119skite <span class=\"screen-reader-text\">Pirmo tipo cukrinis diabetas ir \u0161irdies ligos: k\u0105 svarbu \u017einoti pacientui?<\/span> skaitym\u0105<\/a> <\/p><\/div>\n\n\n<hr class=\"wp-block-separator has-css-opacity\"\/>\n\n<\/li><\/ul>\n\n<\/div>\n","protected":false},"excerpt":{"rendered":"<p>N\u0117\u0161\u010di\u0173j\u0173 (gestacinis) diabetas N\u0117\u0161\u010di\u0173j\u0173 diabetas &#8211; daug streso, \u012ftampos ir klausim\u0173 pacient\u0117ms kelianti diagnoz\u0117. Gydytoj\u0173 endokrinolog\u0173, \u0161ios srities ekspert\u0173 paruo\u0161t\u0105 informacin\u0119 med\u017eiag\u0105 apie \u0161i\u0105 b\u016bkl\u0119 rasite \u010dia:&nbsp; https:\/\/www.diabetoabc.lt\/content\/dam\/diabetoabc\/shared\/content-pages\/pdfs\/nesciuju-diabetas.pdf<\/p>\n","protected":false},"author":1,"featured_media":0,"parent":0,"menu_order":0,"comment_status":"closed","ping_status":"closed","template":"","meta":[],"_links":{"self":[{"href":"https:\/\/agneabraitiene.lt\/index.php?rest_route=\/wp\/v2\/pages\/118"}],"collection":[{"href":"https:\/\/agneabraitiene.lt\/index.php?rest_route=\/wp\/v2\/pages"}],"about":[{"href":"https:\/\/agneabraitiene.lt\/index.php?rest_route=\/wp\/v2\/types\/page"}],"author":[{"embeddable":true,"href":"https:\/\/agneabraitiene.lt\/index.php?rest_route=\/wp\/v2\/users\/1"}],"replies":[{"embeddable":true,"href":"https:\/\/agneabraitiene.lt\/index.php?rest_route=%2Fwp%2Fv2%2Fcomments&post=118"}],"version-history":[{"count":13,"href":"https:\/\/agneabraitiene.lt\/index.php?rest_route=\/wp\/v2\/pages\/118\/revisions"}],"predecessor-version":[{"id":225,"href":"https:\/\/agneabraitiene.lt\/index.php?rest_route=\/wp\/v2\/pages\/118\/revisions\/225"}],"wp:attachment":[{"href":"https:\/\/agneabraitiene.lt\/index.php?rest_route=%2Fwp%2Fv2%2Fmedia&parent=118"}],"curies":[{"name":"wp","href":"https:\/\/api.w.org\/{rel}","templated":true}]}}